{"id":1032,"date":"2022-01-24T11:18:02","date_gmt":"2022-01-24T11:18:02","guid":{"rendered":"https:\/\/carto-si.com\/legal-notice\/"},"modified":"2025-02-13T11:28:28","modified_gmt":"2025-02-13T11:28:28","slug":"legal-notice","status":"publish","type":"page","link":"https:\/\/carto-si.com\/en\/legal-notice\/","title":{"rendered":"Legal Notice"},"content":{"rendered":"<p class=\"s-text-color-blue\"><strong>Accommodation<\/strong><\/p>\n<p class=\"s-text-color-black\">OVH<br \/>\nSAS with capital of \u20ac 10,000,000 RCS Roubaix &#8211; Tourcoing 424 761 419 00045<br \/>\nAPE code 6202A &#8211; VAT number: FR 22 424 761 419<br \/>\nHeadquarters: 2 rue Kellermann 59100 Roubaix &#8211; France<\/p>\n<p class=\"s-text-color-blue\"><strong>Editor<\/strong><\/p>\n<p class=\"s-text-color-black\">Carto-SI<\/p>\n<p class=\"s-text-color-black\">Address: 128 rue la Bo\u00e9tie &#8211; 75008 PARIS<\/p>\n<p class=\"s-text-color-blue\"><strong>Contact us<\/strong><\/p>\n<p class=\"s-text-color-black\">Write to contact @ the name of the site<\/p>\n<p class=\"s-text-color-blue\"><strong>Limitation of Liability<\/strong><\/p>\n<p class=\"s-text-color-black\">The publisher of the site makes every effort to ensure the accuracy and updating of all the information provided on its site but the publisher cannot guarantee that the information it contains is complete, precise, exact, exhaustive and devoid of any errors.<\/p>\n<p>The site editor reserves the right to correct or modify, at any time and without notice, the content of this site.<\/p>\n<p class=\"s-text-color-blue\"><strong>Reproduction<\/strong><\/p>\n<p class=\"s-text-color-black\">This entire site is covered by French and international legislation on copyright and intellectual property. All reproduction rights are reserved, including for downloadable documents and iconographic and photographic representations.<\/p>\n<p>Reproduction of all or part of this site on any electronic medium whatsoever is strictly prohibited without the express authorization of the director of the publication.<\/p>\n<p>Reproduction of texts from this site on paper is authorized, subject to the following three conditions:<\/p>\n<ul>\n<li>free distribution,<\/li>\n<li>respect for the integrity of the documents reproduced: no modification or alteration of any kind,<\/li>\n<li>source details: Carto-SI.com &#8211; &#8220;All rights reserved&#8221;.<\/li>\n<\/ul>\n<p class=\"s-text-color-black\">For all other uses please contact the editorial manager using the contact form.<br \/>\nFor any comments on the operation of the site, write to or send a message to the webmaster using the contact form.<\/p>\n<p><strong><span class=\"s-text-color-red\">Identity of the controller<\/span><\/strong><\/p>\n<p>Personal data is collected by:<\/p>\n<p>CARTO-SI, RCS PARIS 900 213 687<br \/>\nHeadquarters: 128 rue la Bo\u00e9tie &#8211; 75008 PARIS<\/p>\n<p class=\"s-text-color-blue\"><strong><span class=\"s-text-color-red\">SaaS License TOS<\/span><\/strong><\/p>\n<p class=\"s-text-color-white\"><a href=\"https:\/\/carto-si.com\/cgu\" target=\"_blank\" rel=\"noopener\">Download the SaaS License TOS &#8211; FR<\/a><\/p>\n<p class=\"s-text-color-white\"><a href=\"https:\/\/carto-si.com\/cgu-en\" target=\"_blank\" rel=\"noopener\">Download the SaaS License TOS &#8211; EN<\/a><\/p>\n<p class=\"s-text-color-blue\"><strong><span class=\"s-text-color-red\">On Premise License Terms<\/span><\/strong><\/p>\n<p><a href=\"https:\/\/carto-si.com\/cgu-onpremise\" target=\"_blank\" rel=\"noopener\">Download the On Premise License TOS<\/a><\/p>\n<p>&nbsp;<\/p>\n","protected":false},"excerpt":{"rendered":"<p>Accommodation OVH SAS with capital of \u20ac 10,000,000 RCS Roubaix &#8211; Tourcoing 424 761 419 00045 APE code 6202A &#8211; VAT number: FR 22 424 761 419 Headquarters: 2 rue Kellermann 59100 Roubaix &#8211; France Editor Carto-SI Address: 128 rue la Bo\u00e9tie &#8211; 75008 PARIS Contact us Write to contact @ the name of the [&hellip;]<\/p>\n","protected":false},"author":5,"featured_media":0,"parent":0,"menu_order":0,"comment_status":"closed","ping_status":"closed","template":"template-landing-page.php","meta":{"_acf_changed":false,"footnotes":""},"class_list":["post-1032","page","type-page","status-publish","hentry"],"acf":[],"yoast_head":"<!-- This site is optimized with the Yoast SEO plugin v23.3 - https:\/\/yoast.com\/wordpress\/plugins\/seo\/ -->\n<title>Legal Notice - Carto-SI, le logiciel de cartographie op\u00e9rationnelle du SI<\/title>\n<meta name=\"robots\" content=\"index, follow, max-snippet:-1, max-image-preview:large, max-video-preview:-1\" \/>\n<link rel=\"canonical\" href=\"https:\/\/carto-si.com\/en\/legal-notice\/\" \/>\n<meta property=\"og:locale\" content=\"en_US\" \/>\n<meta property=\"og:type\" content=\"article\" \/>\n<meta property=\"og:title\" content=\"Legal Notice - Carto-SI, le logiciel de cartographie op\u00e9rationnelle du SI\" \/>\n<meta property=\"og:description\" content=\"Accommodation OVH SAS with capital of \u20ac 10,000,000 RCS Roubaix &#8211; Tourcoing 424 761 419 00045 APE code 6202A &#8211; VAT number: FR 22 424 761 419 Headquarters: 2 rue Kellermann 59100 Roubaix &#8211; France Editor Carto-SI Address: 128 rue la Bo\u00e9tie &#8211; 75008 PARIS Contact us Write to contact @ the name of the [&hellip;]\" \/>\n<meta property=\"og:url\" content=\"https:\/\/carto-si.com\/en\/legal-notice\/\" \/>\n<meta property=\"og:site_name\" content=\"Carto-SI, le logiciel de cartographie op\u00e9rationnelle du SI\" \/>\n<meta property=\"article:modified_time\" content=\"2025-02-13T11:28:28+00:00\" \/>\n<meta name=\"twitter:card\" content=\"summary_large_image\" \/>\n<meta name=\"twitter:label1\" content=\"Est. reading time\" \/>\n\t<meta name=\"twitter:data1\" content=\"2 minutes\" \/>\n<script type=\"application\/ld+json\" class=\"yoast-schema-graph\">{\"@context\":\"https:\/\/schema.org\",\"@graph\":[{\"@type\":\"WebPage\",\"@id\":\"https:\/\/carto-si.com\/en\/legal-notice\/\",\"url\":\"https:\/\/carto-si.com\/en\/legal-notice\/\",\"name\":\"Legal Notice - Carto-SI, le logiciel de cartographie op\u00e9rationnelle du SI\",\"isPartOf\":{\"@id\":\"https:\/\/carto-si.com\/en\/#website\"},\"datePublished\":\"2022-01-24T11:18:02+00:00\",\"dateModified\":\"2025-02-13T11:28:28+00:00\",\"breadcrumb\":{\"@id\":\"https:\/\/carto-si.com\/en\/legal-notice\/#breadcrumb\"},\"inLanguage\":\"en-US\",\"potentialAction\":[{\"@type\":\"ReadAction\",\"target\":[\"https:\/\/carto-si.com\/en\/legal-notice\/\"]}]},{\"@type\":\"BreadcrumbList\",\"@id\":\"https:\/\/carto-si.com\/en\/legal-notice\/#breadcrumb\",\"itemListElement\":[{\"@type\":\"ListItem\",\"position\":1,\"name\":\"Home\",\"item\":\"https:\/\/carto-si.com\/en\/\"},{\"@type\":\"ListItem\",\"position\":2,\"name\":\"Legal Notice\"}]},{\"@type\":\"WebSite\",\"@id\":\"https:\/\/carto-si.com\/en\/#website\",\"url\":\"https:\/\/carto-si.com\/en\/\",\"name\":\"Carto-SI, le logiciel de cartographie op\u00e9rationnelle du SI\",\"description\":\"Gr\u00e2ce \u00e0 Carto-SI, vous allez faire connaissance avec votre syst\u00e8me d&#039;information. La cartographie op\u00e9rationnelle, applicative, technique et m\u00e9tier de votre SI, simple, partag\u00e9e, toujours \u00e0 jour et agr\u00e9able + RGPD\",\"potentialAction\":[{\"@type\":\"SearchAction\",\"target\":{\"@type\":\"EntryPoint\",\"urlTemplate\":\"https:\/\/carto-si.com\/en\/?s={search_term_string}\"},\"query-input\":\"required name=search_term_string\"}],\"inLanguage\":\"en-US\"}]}<\/script>\n<!-- \/ Yoast SEO plugin. -->","yoast_head_json":{"title":"Legal Notice - Carto-SI, le logiciel de cartographie op\u00e9rationnelle du SI","robots":{"index":"index","follow":"follow","max-snippet":"max-snippet:-1","max-image-preview":"max-image-preview:large","max-video-preview":"max-video-preview:-1"},"canonical":"https:\/\/carto-si.com\/en\/legal-notice\/","og_locale":"en_US","og_type":"article","og_title":"Legal Notice - Carto-SI, le logiciel de cartographie op\u00e9rationnelle du SI","og_description":"Accommodation OVH SAS with capital of \u20ac 10,000,000 RCS Roubaix &#8211; Tourcoing 424 761 419 00045 APE code 6202A &#8211; VAT number: FR 22 424 761 419 Headquarters: 2 rue Kellermann 59100 Roubaix &#8211; France Editor Carto-SI Address: 128 rue la Bo\u00e9tie &#8211; 75008 PARIS Contact us Write to contact @ the name of the [&hellip;]","og_url":"https:\/\/carto-si.com\/en\/legal-notice\/","og_site_name":"Carto-SI, le logiciel de cartographie op\u00e9rationnelle du SI","article_modified_time":"2025-02-13T11:28:28+00:00","twitter_card":"summary_large_image","twitter_misc":{"Est. reading time":"2 minutes"},"schema":{"@context":"https:\/\/schema.org","@graph":[{"@type":"WebPage","@id":"https:\/\/carto-si.com\/en\/legal-notice\/","url":"https:\/\/carto-si.com\/en\/legal-notice\/","name":"Legal Notice - Carto-SI, le logiciel de cartographie op\u00e9rationnelle du SI","isPartOf":{"@id":"https:\/\/carto-si.com\/en\/#website"},"datePublished":"2022-01-24T11:18:02+00:00","dateModified":"2025-02-13T11:28:28+00:00","breadcrumb":{"@id":"https:\/\/carto-si.com\/en\/legal-notice\/#breadcrumb"},"inLanguage":"en-US","potentialAction":[{"@type":"ReadAction","target":["https:\/\/carto-si.com\/en\/legal-notice\/"]}]},{"@type":"BreadcrumbList","@id":"https:\/\/carto-si.com\/en\/legal-notice\/#breadcrumb","itemListElement":[{"@type":"ListItem","position":1,"name":"Home","item":"https:\/\/carto-si.com\/en\/"},{"@type":"ListItem","position":2,"name":"Legal Notice"}]},{"@type":"WebSite","@id":"https:\/\/carto-si.com\/en\/#website","url":"https:\/\/carto-si.com\/en\/","name":"Carto-SI, le logiciel de cartographie op\u00e9rationnelle du SI","description":"Gr\u00e2ce \u00e0 Carto-SI, vous allez faire connaissance avec votre syst\u00e8me d&#039;information. La cartographie op\u00e9rationnelle, applicative, technique et m\u00e9tier de votre SI, simple, partag\u00e9e, toujours \u00e0 jour et agr\u00e9able + RGPD","potentialAction":[{"@type":"SearchAction","target":{"@type":"EntryPoint","urlTemplate":"https:\/\/carto-si.com\/en\/?s={search_term_string}"},"query-input":"required name=search_term_string"}],"inLanguage":"en-US"}]}},"_links":{"self":[{"href":"https:\/\/carto-si.com\/en\/wp-json\/wp\/v2\/pages\/1032","targetHints":{"allow":["GET"]}}],"collection":[{"href":"https:\/\/carto-si.com\/en\/wp-json\/wp\/v2\/pages"}],"about":[{"href":"https:\/\/carto-si.com\/en\/wp-json\/wp\/v2\/types\/page"}],"author":[{"embeddable":true,"href":"https:\/\/carto-si.com\/en\/wp-json\/wp\/v2\/users\/5"}],"replies":[{"embeddable":true,"href":"https:\/\/carto-si.com\/en\/wp-json\/wp\/v2\/comments?post=1032"}],"version-history":[{"count":4,"href":"https:\/\/carto-si.com\/en\/wp-json\/wp\/v2\/pages\/1032\/revisions"}],"predecessor-version":[{"id":2653,"href":"https:\/\/carto-si.com\/en\/wp-json\/wp\/v2\/pages\/1032\/revisions\/2653"}],"wp:attachment":[{"href":"https:\/\/carto-si.com\/en\/wp-json\/wp\/v2\/media?parent=1032"}],"curies":[{"name":"wp","href":"https:\/\/api.w.org\/{rel}","templated":true}]}}