{"id":1034,"date":"2022-01-24T11:20:02","date_gmt":"2022-01-24T11:20:02","guid":{"rendered":"https:\/\/carto-si.com\/to-begin\/"},"modified":"2022-01-24T11:20:02","modified_gmt":"2022-01-24T11:20:02","slug":"to-begin","status":"publish","type":"page","link":"https:\/\/carto-si.com\/en\/to-begin\/","title":{"rendered":"To begin"},"content":{"rendered":"","protected":false},"excerpt":{"rendered":"","protected":false},"author":5,"featured_media":0,"parent":0,"menu_order":0,"comment_status":"closed","ping_status":"closed","template":"template-pour.php","meta":{"_acf_changed":false,"footnotes":""},"class_list":["post-1034","page","type-page","status-publish","hentry"],"acf":[],"yoast_head":"<!-- This site is optimized with the Yoast SEO plugin v23.3 - https:\/\/yoast.com\/wordpress\/plugins\/seo\/ -->\n<title>To begin - Carto-SI, le logiciel de cartographie op\u00e9rationnelle du SI<\/title>\n<meta name=\"robots\" content=\"index, follow, max-snippet:-1, max-image-preview:large, max-video-preview:-1\" \/>\n<link rel=\"canonical\" href=\"https:\/\/carto-si.com\/en\/to-begin\/\" \/>\n<meta property=\"og:locale\" content=\"en_US\" \/>\n<meta property=\"og:type\" content=\"article\" \/>\n<meta property=\"og:title\" content=\"To begin - Carto-SI, le logiciel de cartographie op\u00e9rationnelle du SI\" \/>\n<meta property=\"og:url\" content=\"https:\/\/carto-si.com\/en\/to-begin\/\" \/>\n<meta property=\"og:site_name\" content=\"Carto-SI, le logiciel de cartographie op\u00e9rationnelle du SI\" \/>\n<meta name=\"twitter:card\" content=\"summary_large_image\" \/>\n<script type=\"application\/ld+json\" class=\"yoast-schema-graph\">{\"@context\":\"https:\/\/schema.org\",\"@graph\":[{\"@type\":\"WebPage\",\"@id\":\"https:\/\/carto-si.com\/en\/to-begin\/\",\"url\":\"https:\/\/carto-si.com\/en\/to-begin\/\",\"name\":\"To begin - Carto-SI, le logiciel de cartographie op\u00e9rationnelle du SI\",\"isPartOf\":{\"@id\":\"https:\/\/carto-si.com\/en\/#website\"},\"datePublished\":\"2022-01-24T11:20:02+00:00\",\"dateModified\":\"2022-01-24T11:20:02+00:00\",\"breadcrumb\":{\"@id\":\"https:\/\/carto-si.com\/en\/to-begin\/#breadcrumb\"},\"inLanguage\":\"en-US\",\"potentialAction\":[{\"@type\":\"ReadAction\",\"target\":[\"https:\/\/carto-si.com\/en\/to-begin\/\"]}]},{\"@type\":\"BreadcrumbList\",\"@id\":\"https:\/\/carto-si.com\/en\/to-begin\/#breadcrumb\",\"itemListElement\":[{\"@type\":\"ListItem\",\"position\":1,\"name\":\"Home\",\"item\":\"https:\/\/carto-si.com\/en\/\"},{\"@type\":\"ListItem\",\"position\":2,\"name\":\"To begin\"}]},{\"@type\":\"WebSite\",\"@id\":\"https:\/\/carto-si.com\/en\/#website\",\"url\":\"https:\/\/carto-si.com\/en\/\",\"name\":\"Carto-SI, le logiciel de cartographie op\u00e9rationnelle du SI\",\"description\":\"Gr\u00e2ce \u00e0 Carto-SI, vous allez faire connaissance avec votre syst\u00e8me d&#039;information. La cartographie op\u00e9rationnelle, applicative, technique et m\u00e9tier de votre SI, simple, partag\u00e9e, toujours \u00e0 jour et agr\u00e9able + RGPD\",\"potentialAction\":[{\"@type\":\"SearchAction\",\"target\":{\"@type\":\"EntryPoint\",\"urlTemplate\":\"https:\/\/carto-si.com\/en\/?s={search_term_string}\"},\"query-input\":\"required name=search_term_string\"}],\"inLanguage\":\"en-US\"}]}<\/script>\n<!-- \/ Yoast SEO plugin. -->","yoast_head_json":{"title":"To begin - Carto-SI, le logiciel de cartographie op\u00e9rationnelle du SI","robots":{"index":"index","follow":"follow","max-snippet":"max-snippet:-1","max-image-preview":"max-image-preview:large","max-video-preview":"max-video-preview:-1"},"canonical":"https:\/\/carto-si.com\/en\/to-begin\/","og_locale":"en_US","og_type":"article","og_title":"To begin - Carto-SI, le logiciel de cartographie op\u00e9rationnelle du SI","og_url":"https:\/\/carto-si.com\/en\/to-begin\/","og_site_name":"Carto-SI, le logiciel de cartographie op\u00e9rationnelle du SI","twitter_card":"summary_large_image","schema":{"@context":"https:\/\/schema.org","@graph":[{"@type":"WebPage","@id":"https:\/\/carto-si.com\/en\/to-begin\/","url":"https:\/\/carto-si.com\/en\/to-begin\/","name":"To begin - Carto-SI, le logiciel de cartographie op\u00e9rationnelle du SI","isPartOf":{"@id":"https:\/\/carto-si.com\/en\/#website"},"datePublished":"2022-01-24T11:20:02+00:00","dateModified":"2022-01-24T11:20:02+00:00","breadcrumb":{"@id":"https:\/\/carto-si.com\/en\/to-begin\/#breadcrumb"},"inLanguage":"en-US","potentialAction":[{"@type":"ReadAction","target":["https:\/\/carto-si.com\/en\/to-begin\/"]}]},{"@type":"BreadcrumbList","@id":"https:\/\/carto-si.com\/en\/to-begin\/#breadcrumb","itemListElement":[{"@type":"ListItem","position":1,"name":"Home","item":"https:\/\/carto-si.com\/en\/"},{"@type":"ListItem","position":2,"name":"To begin"}]},{"@type":"WebSite","@id":"https:\/\/carto-si.com\/en\/#website","url":"https:\/\/carto-si.com\/en\/","name":"Carto-SI, le logiciel de cartographie op\u00e9rationnelle du SI","description":"Gr\u00e2ce \u00e0 Carto-SI, vous allez faire connaissance avec votre syst\u00e8me d&#039;information. La cartographie op\u00e9rationnelle, applicative, technique et m\u00e9tier de votre SI, simple, partag\u00e9e, toujours \u00e0 jour et agr\u00e9able + RGPD","potentialAction":[{"@type":"SearchAction","target":{"@type":"EntryPoint","urlTemplate":"https:\/\/carto-si.com\/en\/?s={search_term_string}"},"query-input":"required name=search_term_string"}],"inLanguage":"en-US"}]}},"_links":{"self":[{"href":"https:\/\/carto-si.com\/en\/wp-json\/wp\/v2\/pages\/1034","targetHints":{"allow":["GET"]}}],"collection":[{"href":"https:\/\/carto-si.com\/en\/wp-json\/wp\/v2\/pages"}],"about":[{"href":"https:\/\/carto-si.com\/en\/wp-json\/wp\/v2\/types\/page"}],"author":[{"embeddable":true,"href":"https:\/\/carto-si.com\/en\/wp-json\/wp\/v2\/users\/5"}],"replies":[{"embeddable":true,"href":"https:\/\/carto-si.com\/en\/wp-json\/wp\/v2\/comments?post=1034"}],"version-history":[{"count":0,"href":"https:\/\/carto-si.com\/en\/wp-json\/wp\/v2\/pages\/1034\/revisions"}],"wp:attachment":[{"href":"https:\/\/carto-si.com\/en\/wp-json\/wp\/v2\/media?parent=1034"}],"curies":[{"name":"wp","href":"https:\/\/api.w.org\/{rel}","templated":true}]}}