{"id":2895,"date":"2025-03-26T11:14:08","date_gmt":"2025-03-26T11:14:08","guid":{"rendered":"https:\/\/carto-si.com\/features\/data-import-and-synchronization\/"},"modified":"2025-03-26T11:14:13","modified_gmt":"2025-03-26T11:14:13","slug":"data-import-and-synchronization","status":"publish","type":"page","link":"https:\/\/carto-si.com\/en\/features\/data-import-and-synchronization\/","title":{"rendered":"Data import and synchronization"},"content":{"rendered":"\n<h2 class=\"wp-block-heading\">Simplified, precise IS management<\/h2>\n\n<p><strong>Data import and synchronization<\/strong> are essential Carto-SI functions. They enable you to centralize, update and enrich your information, while guaranteeing its consistency and accuracy. Whether you have existing inventories in Excel format or wish to connect your internal tools to Carto-SI, these functions simplify and optimize the management of your information system (IS).  <\/p>\n\n<h2 class=\"wp-block-heading\">Simple, adaptable import of your existing data<\/h2>\n\n<p>Carto-SI data import is designed to <strong>adapt to your internal processes and existing files<\/strong>. With support for standard formats such as Excel (XLS, XLSX) and CSV, you can quickly import application, server or infrastructure inventories. This process is accompanied by intuitive column mapping, ensuring that each source data item finds its place in the appropriate fields.  <\/p>\n\n<p>You can also <strong>enrich your mappings<\/strong> with <strong>custom fields<\/strong>, enabling you to add relevant information directly from your source files. These capabilities make importing a smooth operation, adapted to the specific needs of each organization. <\/p>\n\n<p><strong>Here are the main advantages of this feature:<\/strong><\/p>\n\n<ul class=\"wp-block-list\">\n<li>Support for standard formats (Excel, CSV).<\/li>\n\n\n\n<li>Intuitive column mapping for fast, accurate integration.<\/li>\n\n\n\n<li>Custom fields can be added to enrich your data.<\/li>\n<\/ul>\n<div class=\"wp-block-image\">\n<figure class=\"aligncenter size-full\"><img loading=\"lazy\" decoding=\"async\" width=\"590\" height=\"590\" src=\"https:\/\/carto-si.com\/wp-content\/uploads\/2025\/01\/Importation-et-synchronisation-des-donnees.jpg\" alt=\"Data import and synchronization\" class=\"wp-image-2461\" srcset=\"https:\/\/carto-si.com\/wp-content\/uploads\/2025\/01\/Importation-et-synchronisation-des-donnees.jpg 590w, https:\/\/carto-si.com\/wp-content\/uploads\/2025\/01\/Importation-et-synchronisation-des-donnees-300x300.jpg 300w, https:\/\/carto-si.com\/wp-content\/uploads\/2025\/01\/Importation-et-synchronisation-des-donnees-150x150.jpg 150w\" sizes=\"auto, (max-width: 590px) 100vw, 590px\" \/><\/figure><\/div>\n<h2 class=\"wp-block-heading\">Automated synchronization for up-to-date cartography<\/h2>\n\n<p>Once your data has been integrated, regular synchronization ensures that your <strong>cartography<\/strong> is <strong>always up to date.<\/strong> Thanks to REST APIs, Carto-SI connects your internal tools or third-party repositories, enabling automatic, real-time updates. In this way, developments such as the addition of new applications or configuration changes are immediately reflected in Carto-SI and\/or your system (depending on the direction of synchronization). <\/p>\n\n<p><strong>This process limits tedious manual tasks and the associated errors<\/strong>, while ensuring a consistently reliable database. You gain in efficiency while reinforcing the quality of your information systems management. <\/p>\n\n<p><strong>Highlights of automated synchronization :<\/strong><\/p>\n\n<ul class=\"wp-block-list\">\n<li>Automatic data updates via API REST.<\/li>\n\n\n\n<li>Automated management reduces errors.<\/li>\n\n\n\n<li>Always accurate and reliable information.<\/li>\n<\/ul>\n<section id=\"adapt\" style=\"background: #E8EBFF\">\n\t<div class=\"container\">\n\t\t<div class=\"row\">\n\t\t\t<div class=\"col-lg-12 col-sm-12 col-xs-12 text-center\">\n                <h3>Access Carto SI now!<\/h3>\n                <div><\/div>\n\n\t\t\t\t\t\t\t\t\t<a class=\"button-cta\" href=\"https:\/\/carto-si.com\/inscription\/en\/\"><i class=\"fas fa-sparkles\"><\/i>Create account<\/a>\n\t\t\t\t\n                <!-- <a href=\"https:\/\/carto-si.com\/inscription\/\" class=\"btn btn-default\">\n\t\t\t\t\t\t\t\t\t\t\t<i class=\"fas fa-sparkles\"><\/i>\n\t\t\t\t\t\t\t\t\t\t\n\t\t\t\t\tTest Carto-SI\t\t\t\t<\/a> -->\n\t\t\t<\/div>\n\t\t<\/div>\n\t<\/div>\n<\/section>\n<h2 class=\"wp-block-heading\">A single tool to centralize your information<\/h2>\n\n<p><strong>Centralizing your data<\/strong> is a priority for efficient management of complex systems. With Carto-SI, you eliminate information silos and duplication, providing a clear, consolidated view of your IS. This approach improves collaboration between teams, facilitates decision-making and ensures that everyone involved is working with up-to-date information.  <\/p>\n\n<p>By integrating these import and synchronization functions, Carto-SI enables you to transform your scattered data into a <strong>centralized strategic tool<\/strong>.<\/p>\n\n<p><strong>The overall benefits of this centralization include :<\/strong><\/p>\n\n<ul class=\"wp-block-list\">\n<li>A consolidated view of data in a single tool.<\/li>\n\n\n\n<li>Reduce duplication and information silos.<\/li>\n\n\n\n<li>Better coordination between teams.<\/li>\n<\/ul>\n\n<h2 class=\"wp-block-heading\">A practical example of integration and synchronization<\/h2>\n\n<p>To better illustrate these features, let&#8217;s take the example of an IT department with an exhaustive inventory in an Excel file. This file lists servers, applications and associated contacts. Thanks to the import function, this data is quickly integrated into Carto-SI, with mapping adjusted to ensure that each field is correctly filled in.  <\/p>\n\n<p>Subsequently, a <strong>REST API is set up to automatically synchronize changes to this inventory with Carto-SI<\/strong>. When new servers are added or software versions are updated, the mapping is immediately updated, without manual intervention. This process not only ensures data accuracy, but also significantly reduces the effort required to keep information up to date.  <\/p>\n\n<p><strong>This case study highlights the following advantages:<\/strong><\/p>\n\n<ul class=\"wp-block-list\">\n<li>Fast, accurate importing for immediate learning.<\/li>\n\n\n\n<li>Real-time synchronization, guaranteeing an always up-to-date database.<\/li>\n\n\n\n<li>Optimized, error-free management of modifications and additions to the IS.<\/li>\n<\/ul>\n\n<h2 class=\"wp-block-heading\">Conclusion: reliable data to boost your performance<\/h2>\n\n<p>Thanks to its <strong>import and synchronization functions<\/strong>, Carto-SI offers modern, high-performance management of your IS data. By integrating your information into a single tool, automating its updating and consolidating it with precision, Carto-SI transforms your data into a strategic asset. <\/p>\n\n<p>This optimized management guarantees not only greater efficiency, but also a clear and precise view of your systems, enabling <strong>informed decisions and saving<\/strong> your teams <strong>valuable time<\/strong>.<\/p>\n\n<div style=\"height:50px\" aria-hidden=\"true\" class=\"wp-block-spacer\"><\/div>\n","protected":false},"excerpt":{"rendered":"<p>Simplified, precise IS management Data import and synchronization are essential Carto-SI functions. They enable you to centralize, update and enrich your information, while guaranteeing its consistency and accuracy. Whether you have existing inventories in Excel format or wish to connect your internal tools to Carto-SI, these functions simplify and optimize the management of your information [&hellip;]<\/p>\n","protected":false},"author":6,"featured_media":2462,"parent":1012,"menu_order":0,"comment_status":"closed","ping_status":"closed","template":"template-landing-2025.php","meta":{"_acf_changed":false,"footnotes":""},"class_list":["post-2895","page","type-page","status-publish","has-post-thumbnail","hentry"],"acf":[],"yoast_head":"<!-- This site is optimized with the Yoast SEO plugin v23.3 - https:\/\/yoast.com\/wordpress\/plugins\/seo\/ -->\n<title>Data import and synchronization - Carto-SI, le logiciel de cartographie op\u00e9rationnelle du SI<\/title>\n<meta name=\"robots\" content=\"index, follow, max-snippet:-1, max-image-preview:large, max-video-preview:-1\" \/>\n<link rel=\"canonical\" href=\"https:\/\/carto-si.com\/en\/features\/data-import-and-synchronization\/\" \/>\n<meta property=\"og:locale\" content=\"en_US\" \/>\n<meta property=\"og:type\" content=\"article\" \/>\n<meta property=\"og:title\" content=\"Data import and synchronization - Carto-SI, le logiciel de cartographie op\u00e9rationnelle du SI\" \/>\n<meta property=\"og:description\" content=\"Simplified, precise IS management Data import and synchronization are essential Carto-SI functions. They enable you to centralize, update and enrich your information, while guaranteeing its consistency and accuracy. Whether you have existing inventories in Excel format or wish to connect your internal tools to Carto-SI, these functions simplify and optimize the management of your information [&hellip;]\" \/>\n<meta property=\"og:url\" content=\"https:\/\/carto-si.com\/en\/features\/data-import-and-synchronization\/\" \/>\n<meta property=\"og:site_name\" content=\"Carto-SI, le logiciel de cartographie op\u00e9rationnelle du SI\" \/>\n<meta property=\"article:modified_time\" content=\"2025-03-26T11:14:13+00:00\" \/>\n<meta property=\"og:image\" content=\"https:\/\/carto-si.com\/wp-content\/uploads\/2025\/01\/Importation-et-synchronisation-des-donnees.jpg\" \/>\n\t<meta property=\"og:image:width\" content=\"590\" \/>\n\t<meta property=\"og:image:height\" content=\"590\" \/>\n\t<meta property=\"og:image:type\" content=\"image\/jpeg\" \/>\n<meta name=\"twitter:card\" content=\"summary_large_image\" \/>\n<meta name=\"twitter:label1\" content=\"Est. reading time\" \/>\n\t<meta name=\"twitter:data1\" content=\"3 minutes\" \/>\n<script type=\"application\/ld+json\" class=\"yoast-schema-graph\">{\"@context\":\"https:\/\/schema.org\",\"@graph\":[{\"@type\":\"WebPage\",\"@id\":\"https:\/\/carto-si.com\/en\/features\/data-import-and-synchronization\/\",\"url\":\"https:\/\/carto-si.com\/en\/features\/data-import-and-synchronization\/\",\"name\":\"Data import and synchronization - Carto-SI, le logiciel de cartographie op\u00e9rationnelle du SI\",\"isPartOf\":{\"@id\":\"https:\/\/carto-si.com\/en\/#website\"},\"primaryImageOfPage\":{\"@id\":\"https:\/\/carto-si.com\/en\/features\/data-import-and-synchronization\/#primaryimage\"},\"image\":{\"@id\":\"https:\/\/carto-si.com\/en\/features\/data-import-and-synchronization\/#primaryimage\"},\"thumbnailUrl\":\"https:\/\/carto-si.com\/wp-content\/uploads\/2025\/01\/Importation-et-synchronisation-des-donnees.jpg\",\"datePublished\":\"2025-03-26T11:14:08+00:00\",\"dateModified\":\"2025-03-26T11:14:13+00:00\",\"breadcrumb\":{\"@id\":\"https:\/\/carto-si.com\/en\/features\/data-import-and-synchronization\/#breadcrumb\"},\"inLanguage\":\"en-US\",\"potentialAction\":[{\"@type\":\"ReadAction\",\"target\":[\"https:\/\/carto-si.com\/en\/features\/data-import-and-synchronization\/\"]}]},{\"@type\":\"ImageObject\",\"inLanguage\":\"en-US\",\"@id\":\"https:\/\/carto-si.com\/en\/features\/data-import-and-synchronization\/#primaryimage\",\"url\":\"https:\/\/carto-si.com\/wp-content\/uploads\/2025\/01\/Importation-et-synchronisation-des-donnees.jpg\",\"contentUrl\":\"https:\/\/carto-si.com\/wp-content\/uploads\/2025\/01\/Importation-et-synchronisation-des-donnees.jpg\",\"width\":590,\"height\":590,\"caption\":\"Importation et synchronisation des donn\u00e9es\"},{\"@type\":\"BreadcrumbList\",\"@id\":\"https:\/\/carto-si.com\/en\/features\/data-import-and-synchronization\/#breadcrumb\",\"itemListElement\":[{\"@type\":\"ListItem\",\"position\":1,\"name\":\"Home\",\"item\":\"https:\/\/carto-si.com\/en\/\"},{\"@type\":\"ListItem\",\"position\":2,\"name\":\"Features\",\"item\":\"https:\/\/carto-si.com\/en\/features\/\"},{\"@type\":\"ListItem\",\"position\":3,\"name\":\"Data import and synchronization\"}]},{\"@type\":\"WebSite\",\"@id\":\"https:\/\/carto-si.com\/en\/#website\",\"url\":\"https:\/\/carto-si.com\/en\/\",\"name\":\"Carto-SI, le logiciel de cartographie op\u00e9rationnelle du SI\",\"description\":\"Gr\u00e2ce \u00e0 Carto-SI, vous allez faire connaissance avec votre syst\u00e8me d&#039;information. La cartographie op\u00e9rationnelle, applicative, technique et m\u00e9tier de votre SI, simple, partag\u00e9e, toujours \u00e0 jour et agr\u00e9able + RGPD\",\"potentialAction\":[{\"@type\":\"SearchAction\",\"target\":{\"@type\":\"EntryPoint\",\"urlTemplate\":\"https:\/\/carto-si.com\/en\/?s={search_term_string}\"},\"query-input\":\"required name=search_term_string\"}],\"inLanguage\":\"en-US\"}]}<\/script>\n<!-- \/ Yoast SEO plugin. -->","yoast_head_json":{"title":"Data import and synchronization - Carto-SI, le logiciel de cartographie op\u00e9rationnelle du SI","robots":{"index":"index","follow":"follow","max-snippet":"max-snippet:-1","max-image-preview":"max-image-preview:large","max-video-preview":"max-video-preview:-1"},"canonical":"https:\/\/carto-si.com\/en\/features\/data-import-and-synchronization\/","og_locale":"en_US","og_type":"article","og_title":"Data import and synchronization - Carto-SI, le logiciel de cartographie op\u00e9rationnelle du SI","og_description":"Simplified, precise IS management Data import and synchronization are essential Carto-SI functions. They enable you to centralize, update and enrich your information, while guaranteeing its consistency and accuracy. Whether you have existing inventories in Excel format or wish to connect your internal tools to Carto-SI, these functions simplify and optimize the management of your information [&hellip;]","og_url":"https:\/\/carto-si.com\/en\/features\/data-import-and-synchronization\/","og_site_name":"Carto-SI, le logiciel de cartographie op\u00e9rationnelle du SI","article_modified_time":"2025-03-26T11:14:13+00:00","og_image":[{"width":590,"height":590,"url":"https:\/\/carto-si.com\/wp-content\/uploads\/2025\/01\/Importation-et-synchronisation-des-donnees.jpg","type":"image\/jpeg"}],"twitter_card":"summary_large_image","twitter_misc":{"Est. reading time":"3 minutes"},"schema":{"@context":"https:\/\/schema.org","@graph":[{"@type":"WebPage","@id":"https:\/\/carto-si.com\/en\/features\/data-import-and-synchronization\/","url":"https:\/\/carto-si.com\/en\/features\/data-import-and-synchronization\/","name":"Data import and synchronization - Carto-SI, le logiciel de cartographie op\u00e9rationnelle du SI","isPartOf":{"@id":"https:\/\/carto-si.com\/en\/#website"},"primaryImageOfPage":{"@id":"https:\/\/carto-si.com\/en\/features\/data-import-and-synchronization\/#primaryimage"},"image":{"@id":"https:\/\/carto-si.com\/en\/features\/data-import-and-synchronization\/#primaryimage"},"thumbnailUrl":"https:\/\/carto-si.com\/wp-content\/uploads\/2025\/01\/Importation-et-synchronisation-des-donnees.jpg","datePublished":"2025-03-26T11:14:08+00:00","dateModified":"2025-03-26T11:14:13+00:00","breadcrumb":{"@id":"https:\/\/carto-si.com\/en\/features\/data-import-and-synchronization\/#breadcrumb"},"inLanguage":"en-US","potentialAction":[{"@type":"ReadAction","target":["https:\/\/carto-si.com\/en\/features\/data-import-and-synchronization\/"]}]},{"@type":"ImageObject","inLanguage":"en-US","@id":"https:\/\/carto-si.com\/en\/features\/data-import-and-synchronization\/#primaryimage","url":"https:\/\/carto-si.com\/wp-content\/uploads\/2025\/01\/Importation-et-synchronisation-des-donnees.jpg","contentUrl":"https:\/\/carto-si.com\/wp-content\/uploads\/2025\/01\/Importation-et-synchronisation-des-donnees.jpg","width":590,"height":590,"caption":"Importation et synchronisation des donn\u00e9es"},{"@type":"BreadcrumbList","@id":"https:\/\/carto-si.com\/en\/features\/data-import-and-synchronization\/#breadcrumb","itemListElement":[{"@type":"ListItem","position":1,"name":"Home","item":"https:\/\/carto-si.com\/en\/"},{"@type":"ListItem","position":2,"name":"Features","item":"https:\/\/carto-si.com\/en\/features\/"},{"@type":"ListItem","position":3,"name":"Data import and synchronization"}]},{"@type":"WebSite","@id":"https:\/\/carto-si.com\/en\/#website","url":"https:\/\/carto-si.com\/en\/","name":"Carto-SI, le logiciel de cartographie op\u00e9rationnelle du SI","description":"Gr\u00e2ce \u00e0 Carto-SI, vous allez faire connaissance avec votre syst\u00e8me d&#039;information. La cartographie op\u00e9rationnelle, applicative, technique et m\u00e9tier de votre SI, simple, partag\u00e9e, toujours \u00e0 jour et agr\u00e9able + RGPD","potentialAction":[{"@type":"SearchAction","target":{"@type":"EntryPoint","urlTemplate":"https:\/\/carto-si.com\/en\/?s={search_term_string}"},"query-input":"required name=search_term_string"}],"inLanguage":"en-US"}]}},"_links":{"self":[{"href":"https:\/\/carto-si.com\/en\/wp-json\/wp\/v2\/pages\/2895","targetHints":{"allow":["GET"]}}],"collection":[{"href":"https:\/\/carto-si.com\/en\/wp-json\/wp\/v2\/pages"}],"about":[{"href":"https:\/\/carto-si.com\/en\/wp-json\/wp\/v2\/types\/page"}],"author":[{"embeddable":true,"href":"https:\/\/carto-si.com\/en\/wp-json\/wp\/v2\/users\/6"}],"replies":[{"embeddable":true,"href":"https:\/\/carto-si.com\/en\/wp-json\/wp\/v2\/comments?post=2895"}],"version-history":[{"count":1,"href":"https:\/\/carto-si.com\/en\/wp-json\/wp\/v2\/pages\/2895\/revisions"}],"predecessor-version":[{"id":2896,"href":"https:\/\/carto-si.com\/en\/wp-json\/wp\/v2\/pages\/2895\/revisions\/2896"}],"up":[{"embeddable":true,"href":"https:\/\/carto-si.com\/en\/wp-json\/wp\/v2\/pages\/1012"}],"wp:featuredmedia":[{"embeddable":true,"href":"https:\/\/carto-si.com\/en\/wp-json\/wp\/v2\/media\/2462"}],"wp:attachment":[{"href":"https:\/\/carto-si.com\/en\/wp-json\/wp\/v2\/media?parent=2895"}],"curies":[{"name":"wp","href":"https:\/\/api.w.org\/{rel}","templated":true}]}}