{"id":2923,"date":"2025-03-26T14:12:05","date_gmt":"2025-03-26T14:12:05","guid":{"rendered":"https:\/\/carto-si.com\/our-mission\/application-mapping\/"},"modified":"2025-03-26T15:30:16","modified_gmt":"2025-03-26T15:30:16","slug":"application-mapping","status":"publish","type":"page","link":"https:\/\/carto-si.com\/en\/our-mission\/application-mapping\/","title":{"rendered":"Application mapping"},"content":{"rendered":"\n<div style=\"height:20px\" aria-hidden=\"true\" class=\"wp-block-spacer\"><\/div>\n\n\n\n<h2 class=\"wp-block-heading\">What is application mapping?<\/h2>\n\n\n\n<p>Application mapping is a <strong>graphical representation<\/strong> of the applications used within an organization and their interactions. This essential tool helps companies visualize how applications support <a href=\"https:\/\/carto-si.com\/en\/our-mission\/process-mapping\/\">business processes<\/a>, manage data exchanges and integrate with each other.<\/p>\n\n\n\n<p>By simplifying the visualization of complex <a href=\"https:\/\/carto-si.com\/blog\/quelle-est-limportance-du-systeme-dinformation-dans-votre-entreprise\/\">information system<\/a> architectures, application mapping helps<strong>identify inefficiencies, potential risks and opportunities for improvement<\/strong>, ensuring better management of IT resources and optimization of operational processes.<\/p>\n\n\n\n<h2 class=\"wp-block-heading\">How do I map applications with Carto-SI?<\/h2>\n\n\n\n<p>Effective application mapping with Carto-SI starts with an in-depth understanding of<strong> <a href=\"https:\/\/carto-si.com\/en\/our-mission\/corporate-mapping\/\">understanding of the applications your company uses<\/a><\/strong> on a daily basis. This first step involves identifying and cataloguing each application according to its importance and role in the company&#8217;s operations. <\/p>\n\n\n\n<p>Once this information has been collected, Carto-SI steps in to <strong>provide a clear and intuitive visualization<\/strong> of how these applications interact within the organization.<\/p>\n\n\n\n<div style=\"height:20px\" aria-hidden=\"true\" class=\"wp-block-spacer\"><\/div>\n\n\n<section id=\"adapt\" style=\"background: #E8EBFF\">\n\t<div class=\"container\">\n\t\t<div class=\"row\">\n\t\t\t<div class=\"col-lg-12 col-sm-12 col-xs-12 text-center\">\n                <h3>Access Carto SI now!<\/h3>\n                <div><\/div>\n\n\t\t\t\t\t\t\t\t\t<a class=\"button-cta\" href=\"https:\/\/carto-si.com\/inscription\/en\/\"><i class=\"fas fa-sparkles\"><\/i>Create account<\/a>\n\t\t\t\t\n                <!-- <a href=\"https:\/\/carto-si.com\/inscription\/\" class=\"btn btn-default\">\n\t\t\t\t\t\t\t\t\t\t\t<i class=\"fas fa-sparkles\"><\/i>\n\t\t\t\t\t\t\t\t\t\t\n\t\t\t\t\tTest Carto-SI\t\t\t\t<\/a> -->\n\t\t\t<\/div>\n\t\t<\/div>\n\t<\/div>\n<\/section>\n\n\n<div style=\"height:20px\" aria-hidden=\"true\" class=\"wp-block-spacer\"><\/div>\n\n\n\n<p>Using Carto-SI to create application <strong>mapping diagrams<\/strong> immediately reveals the often hidden complexities of information systems. Carto-SI&#8217;s user interface is specially designed to enable users to <strong> <\/strong>easily <strong>trace interactions between applications<\/strong>, adding, modifying and connecting data points with total flexibility.  <\/p>\n\n\n\n<p>This includes the ability to define nodes, which represent individual applications, and links, which illustrate the interactions and dependencies between these applications.<\/p>\n\n\n\n<p>After initial mapping, Carto-SI becomes a <strong>powerful tool for analyzing these interactions<\/strong>. Users can examine the diagrams to identify <a href=\"https:\/\/carto-si.com\/blog\/comment-etablir-la-cartographie-des-risques-de-votre-systeme-dinformation\/\">problems in an information system<\/a>, such as application redundancies, bottlenecks in data flow, and potential security risks. <\/p>\n\n\n\n<figure class=\"wp-block-image size-full\"><img loading=\"lazy\" decoding=\"async\" width=\"840\" height=\"840\" src=\"https:\/\/carto-si.com\/wp-content\/uploads\/2024\/09\/Carto-applicative.webp\" alt=\"application mapping\" class=\"wp-image-1847\" srcset=\"https:\/\/carto-si.com\/wp-content\/uploads\/2024\/09\/Carto-applicative.webp 840w, https:\/\/carto-si.com\/wp-content\/uploads\/2024\/09\/Carto-applicative-300x300.webp 300w, https:\/\/carto-si.com\/wp-content\/uploads\/2024\/09\/Carto-applicative-150x150.webp 150w, https:\/\/carto-si.com\/wp-content\/uploads\/2024\/09\/Carto-applicative-768x768.webp 768w\" sizes=\"auto, (max-width: 840px) 100vw, 840px\" \/><\/figure>\n\n\n\n<p>With this information, decision-makers can take informed action to <strong>optimize application architecture<\/strong>, eliminating inefficiencies and strengthening security.<\/p>\n\n\n\n<p>Application mapping with Carto-SI enables decision-makers to understand not only which applications are used, but also how they contribute to achieving business objectives.  <\/p>\n\n\n\n<p>By clearly visualizing the interactions between applications and business processes, companies can <strong>better plan IT initiatives<\/strong>, ensuring that technology investments are directly linked to business needs and contribute to a <strong>coherent and effective corporate strategy<\/strong>.<\/p>\n\n\n\n<h2 class=\"wp-block-heading\">Strategic benefits of application mapping<\/h2>\n\n\n\n<h3 class=\"wp-block-heading\">For the IT Department :<\/h3>\n\n\n\n<ul class=\"wp-block-list\">\n<li><strong>Optimized license and cost management<\/strong>: clear mapping identifies under-used or redundant applications, offering opportunities for rationalization and license cost reduction.<\/li>\n\n\n\n<li><strong>Improved incident response<\/strong>: By understanding exactly how applications are interconnected, IT teams can better manage incidents, reducing downtime in the event of an application failure.<\/li>\n<\/ul>\n\n\n\n<h3 class=\"wp-block-heading\">For Project Managers :<\/h3>\n\n\n\n<ul class=\"wp-block-list\">\n<li><strong>More precise project planning<\/strong>: Project managers can use mappings to plan application upgrades or deployments without disrupting essential operations, based on a clear understanding of application dependencies.<\/li>\n<\/ul>\n\n\n\n<h3 class=\"wp-block-heading\">For Compliance and Safety<\/h3>\n\n\n\n<ul class=\"wp-block-list\">\n<li><strong>Facilitated regulatory compliance<\/strong>: application mappings can help demonstrate that sensitive data is managed and secured in line with current regulations, such as GDPR for data protection.<\/li>\n<\/ul>\n\n\n\n<h3 class=\"wp-block-heading\">Challenges overcome by application mapping<\/h3>\n\n\n\n<ul class=\"wp-block-list\">\n<li><strong>Complexity of modern systems<\/strong>: With the increasing integration of cloud, mobile and on-premise systems, application mapping becomes essential to maintain visibility across the entire technology landscape.<\/li>\n\n\n\n<li><strong>Rapidly changing technologies<\/strong>: As technologies evolve rapidly, regularly updated mapping helps companies ensure that their systems remain aligned with the latest innovations and industry best practices.<\/li>\n<\/ul>\n\n\n\n<div style=\"height:20px\" aria-hidden=\"true\" class=\"wp-block-spacer\"><\/div>\n\n\n<div class=\"columns-text-image__wrapper columns-text-list__wrapper\">\n\t<div class=\"container\">\n\t\t<div class=\"row\">\n\t\t\t<div class=\"col-xs-12 col-md-6 columns-text-list__list--desktop columns-text-list__list--left active\">\n\t\t\t\t<ul class=\"columns-text-image__list\">\n\t\t\t\t\t\t\t\t\t\t\t\t\t\t\t\t\t\t<li class=\"columns-text-image__list-item\"><h3>Simplify<\/h3><\/li>\n\t\t\t\t\t\t\t\t\t\t\t\t\t<li class=\"columns-text-image__list-item\"><h3>Pilot<\/h3><\/li>\n\t\t\t\t\t\t\t\t\t\t\t\t\t<li class=\"columns-text-image__list-item\"><h3>Contact<\/h3><\/li>\n\t\t\t\t\t\t\t\t\t\t\t\t\t<li class=\"columns-text-image__list-item\"><h3>Secure<\/h3><\/li>\n\t\t\t\t\t\t\t\t\t\t\t\t\t\t\t<\/ul>\n\t\t\t<\/div>\n\t\t\t<div class=\"col-xs-12 col-md-6\">\n\t\t\t\t<div class=\"columns-text-image__inner\">\n\t\t\t\t\t<h4 class=\"columns-text-image__subtitle\">Carto-SI<\/h4>\n\t\t\t\t\t<h2 class=\"columns-text-image__title\">The new way to map your information system<\/h2>\n\t\t\t\t\t<div class=\"columns-text-image__content\"><p><strong>Get a global view of your information system with Carto-SI, the tool that adapts to you&#8230;and not the other way around.<\/strong><\/p>\n<\/div>\n\t\t\t\t<\/div>\n\t\t\t<\/div>\n\t\t\t<div class=\"col-xs-12 col-md-6 columns-text-list__list--mobile columns-text-list__list--right \">\n\t\t\t\t<ul class=\"columns-text-image__list\">\n\t\t\t\t\t\t\t\t\t\t\t\t\t\t\t\t\t\t<li class=\"columns-text-image__list-item\"><h3>Simplify<\/h3><\/li>\n\t\t\t\t\t\t\t\t\t\t\t\t\t<li class=\"columns-text-image__list-item\"><h3>Pilot<\/h3><\/li>\n\t\t\t\t\t\t\t\t\t\t\t\t\t<li class=\"columns-text-image__list-item\"><h3>Contact<\/h3><\/li>\n\t\t\t\t\t\t\t\t\t\t\t\t\t<li class=\"columns-text-image__list-item\"><h3>Secure<\/h3><\/li>\n\t\t\t\t\t\t\t\t\t\t\t\t\t\t\t<\/ul>\n\t\t\t<\/div>\n\t\t<\/div>\n\t<\/div>\n<\/div>\n\n\n<div style=\"height:50px\" aria-hidden=\"true\" class=\"wp-block-spacer\"><\/div>\n\n\n\n<p>By integrating these additional elements, application mapping with Carto-SI becomes not only a recommended practice for <strong>good IT management<\/strong>, but also an <strong>indispensable strategic tool<\/strong> for aligning technology with corporate business objectives. By providing complete visibility of applications and their integration, Carto-SI helps companies to <strong>navigate more effectively through a complex and rapidly changing technology landscape<\/strong>, while supporting strategic decision-making based on accurate and timely data. <\/p>\n\n\n<section id=\"columns-blocks\">\n\t<div class=\"container\">\n\t\t<div class=\"row\">\n\t\t\t<div class=\"col-xs-12 text-center\">\n\t\t\t\t<h2 class=\"columns-blocks__title\">The different Carto-SI maps<\/h2>\n\t\t\t<\/div>\t\n\t\t\t\t\t\t\t\t\t\t\t\t<div class=\"col-xs-12 col-md-6 col-lg-3\">\n\t\t\t\t\t\t<a class=\"columns-blocks__item\" href=\"https:\/\/carto-si.com\/en\/our-mission\/process-mapping\/\">\n\t\t\t\t\t\t\t<img decoding=\"async\" src=\"https:\/\/carto-si.com\/wp-content\/uploads\/2024\/07\/image-3.png\" alt=\"Process\" class=\"columns-blocks__item-image\" \/>\n\t\t\t\t\t\t\t<h3 class=\"columns-blocks__item-title\">Process<\/h3>\n\t\t\t\t\t\t\t<div><p>Process mapping provides a crucial visual approach to understanding, analyzing and optimizing operations within a company.<\/p>\n<\/div>\n\t\t\t\t\t\t\t<span class=\"columns-blocks__item-button\" href=\"https:\/\/carto-si.com\/en\/our-mission\/process-mapping\/\">Discover<i class=\"fal fa-long-arrow-right\"><\/i><\/span>\n\t\t\t\t\t\t<\/a>\n\t\t\t\t\t<\/div>\n\t\t\t\t\t\t\t\t\t<div class=\"col-xs-12 col-md-6 col-lg-3\">\n\t\t\t\t\t\t<a class=\"columns-blocks__item\" href=\"https:\/\/carto-si.com\/en\/our-mission\/application-mapping\/\">\n\t\t\t\t\t\t\t<img decoding=\"async\" src=\"https:\/\/carto-si.com\/wp-content\/uploads\/2024\/07\/image-3.png\" alt=\"Application\" class=\"columns-blocks__item-image\" \/>\n\t\t\t\t\t\t\t<h3 class=\"columns-blocks__item-title\">Application<\/h3>\n\t\t\t\t\t\t\t<div><p>Application mapping is a graphical representation of the applications used within an organization and their interactions.<\/p>\n<\/div>\n\t\t\t\t\t\t\t<span class=\"columns-blocks__item-button\" href=\"https:\/\/carto-si.com\/en\/our-mission\/application-mapping\/\">Discover<i class=\"fal fa-long-arrow-right\"><\/i><\/span>\n\t\t\t\t\t\t<\/a>\n\t\t\t\t\t<\/div>\n\t\t\t\t\t\t\t\t\t<div class=\"col-xs-12 col-md-6 col-lg-3\">\n\t\t\t\t\t\t<a class=\"columns-blocks__item\" href=\"https:\/\/carto-si.com\/en\/our-mission\/infrastructure-mapping\/\">\n\t\t\t\t\t\t\t<img decoding=\"async\" src=\"https:\/\/carto-si.com\/wp-content\/uploads\/2024\/07\/image-3.png\" alt=\"Infrastructure\" class=\"columns-blocks__item-image\" \/>\n\t\t\t\t\t\t\t<h3 class=\"columns-blocks__item-title\">Infrastructure<\/h3>\n\t\t\t\t\t\t\t<div><p>Infrastructure mapping is an essential activity for companies wishing to have complete control over their information systems.<\/p>\n<\/div>\n\t\t\t\t\t\t\t<span class=\"columns-blocks__item-button\" href=\"https:\/\/carto-si.com\/en\/our-mission\/infrastructure-mapping\/\">Discover<i class=\"fal fa-long-arrow-right\"><\/i><\/span>\n\t\t\t\t\t\t<\/a>\n\t\t\t\t\t<\/div>\n\t\t\t\t\t\t\t\t\t<div class=\"col-xs-12 col-md-6 col-lg-3\">\n\t\t\t\t\t\t<a class=\"columns-blocks__item\" href=\"https:\/\/carto-si.com\/en\/our-mission\/data-mapping\/\">\n\t\t\t\t\t\t\t<img decoding=\"async\" src=\"https:\/\/carto-si.com\/wp-content\/uploads\/2024\/07\/image-3.png\" alt=\"Data\" class=\"columns-blocks__item-image\" \/>\n\t\t\t\t\t\t\t<h3 class=\"columns-blocks__item-title\">Data<\/h3>\n\t\t\t\t\t\t\t<div><p>With the explosion in the volume of information stored and exchanged, data mapping has become a major challenge for businesses.<\/p>\n<\/div>\n\t\t\t\t\t\t\t<span class=\"columns-blocks__item-button\" href=\"https:\/\/carto-si.com\/en\/our-mission\/data-mapping\/\">Discover<i class=\"fal fa-long-arrow-right\"><\/i><\/span>\n\t\t\t\t\t\t<\/a>\n\t\t\t\t\t<\/div>\n\t\t\t\t\t\t\t\t\t<\/div>       \n\t<\/div>       \n<\/section>\n\n\n<div style=\"height:50px\" aria-hidden=\"true\" class=\"wp-block-spacer\"><\/div>\n\n\n<section id=\"adapt\" style=\"background: #F3F4F6\">\n\t<div class=\"container\">\n\t\t<div class=\"row\">\n\t\t\t<div class=\"col-lg-12 col-sm-12 col-xs-12 text-center\">\n                <h3>To try it is to adopt it<\/h3>\n                <div><p>A simple configuration and a business model that allows you to grow in maturity in your representation and adapt effectively over time.Operational information systems mapping for all company sizes.<\/p>\n<\/div>\n\n\t\t\t\t\t\t\t\t\t<a class=\"button-cta\" href=\"https:\/\/carto-si.com\/inscription\/en\/\"><i class=\"fas fa-sparkles\"><\/i>Create account<\/a>\n\t\t\t\t\n                <!-- <a href=\"https:\/\/carto-si.com\/inscription\/\" class=\"btn btn-default\">\n\t\t\t\t\t\t\t\t\t\t\n\t\t\t\t\tLaunch Carto-SI\t\t\t\t<\/a> -->\n\t\t\t<\/div>\n\t\t<\/div>\n\t<\/div>\n<\/section>","protected":false},"excerpt":{"rendered":"<p>What is application mapping? Application mapping is a graphical representation of the applications used within an organization and their interactions. This essential tool helps companies visualize how applications support business processes, manage data exchanges and integrate with each other. By simplifying the visualization of complex information system architectures, application mapping helpsidentify inefficiencies, potential risks and [&hellip;]<\/p>\n","protected":false},"author":6,"featured_media":1828,"parent":2919,"menu_order":0,"comment_status":"closed","ping_status":"closed","template":"template-landing-2025.php","meta":{"_acf_changed":false,"footnotes":""},"class_list":["post-2923","page","type-page","status-publish","has-post-thumbnail","hentry"],"acf":[],"yoast_head":"<!-- This site is optimized with the Yoast SEO plugin v23.3 - https:\/\/yoast.com\/wordpress\/plugins\/seo\/ -->\n<title>Information system (IS) application mapping | Carto-SI<\/title>\n<meta name=\"description\" content=\"Application mapping is a graphical representation of the applications used within an organization and their interactions.\" \/>\n<meta name=\"robots\" content=\"index, follow, max-snippet:-1, max-image-preview:large, max-video-preview:-1\" \/>\n<link rel=\"canonical\" href=\"https:\/\/carto-si.com\/en\/our-mission\/application-mapping\/\" \/>\n<meta property=\"og:locale\" content=\"en_US\" \/>\n<meta property=\"og:type\" content=\"article\" \/>\n<meta property=\"og:title\" content=\"Information system (IS) application mapping | Carto-SI\" \/>\n<meta property=\"og:description\" content=\"Application mapping is a graphical representation of the applications used within an organization and their interactions.\" \/>\n<meta property=\"og:url\" content=\"https:\/\/carto-si.com\/en\/our-mission\/application-mapping\/\" \/>\n<meta property=\"og:site_name\" content=\"Carto-SI, le logiciel de cartographie op\u00e9rationnelle du SI\" \/>\n<meta property=\"article:modified_time\" content=\"2025-03-26T15:30:16+00:00\" \/>\n<meta property=\"og:image\" content=\"https:\/\/carto-si.com\/wp-content\/uploads\/2024\/09\/Carto-applicative.jpg\" \/>\n\t<meta property=\"og:image:width\" content=\"700\" \/>\n\t<meta property=\"og:image:height\" content=\"700\" \/>\n\t<meta property=\"og:image:type\" content=\"image\/jpeg\" \/>\n<meta name=\"twitter:card\" content=\"summary_large_image\" \/>\n<meta name=\"twitter:label1\" content=\"Est. reading time\" \/>\n\t<meta name=\"twitter:data1\" content=\"4 minutes\" \/>\n<script type=\"application\/ld+json\" class=\"yoast-schema-graph\">{\"@context\":\"https:\/\/schema.org\",\"@graph\":[{\"@type\":\"WebPage\",\"@id\":\"https:\/\/carto-si.com\/en\/our-mission\/application-mapping\/\",\"url\":\"https:\/\/carto-si.com\/en\/our-mission\/application-mapping\/\",\"name\":\"Information system (IS) application mapping | Carto-SI\",\"isPartOf\":{\"@id\":\"https:\/\/carto-si.com\/en\/#website\"},\"primaryImageOfPage\":{\"@id\":\"https:\/\/carto-si.com\/en\/our-mission\/application-mapping\/#primaryimage\"},\"image\":{\"@id\":\"https:\/\/carto-si.com\/en\/our-mission\/application-mapping\/#primaryimage\"},\"thumbnailUrl\":\"https:\/\/carto-si.com\/wp-content\/uploads\/2024\/09\/Carto-applicative.jpg\",\"datePublished\":\"2025-03-26T14:12:05+00:00\",\"dateModified\":\"2025-03-26T15:30:16+00:00\",\"description\":\"Application mapping is a graphical representation of the applications used within an organization and their interactions.\",\"breadcrumb\":{\"@id\":\"https:\/\/carto-si.com\/en\/our-mission\/application-mapping\/#breadcrumb\"},\"inLanguage\":\"en-US\",\"potentialAction\":[{\"@type\":\"ReadAction\",\"target\":[\"https:\/\/carto-si.com\/en\/our-mission\/application-mapping\/\"]}]},{\"@type\":\"ImageObject\",\"inLanguage\":\"en-US\",\"@id\":\"https:\/\/carto-si.com\/en\/our-mission\/application-mapping\/#primaryimage\",\"url\":\"https:\/\/carto-si.com\/wp-content\/uploads\/2024\/09\/Carto-applicative.jpg\",\"contentUrl\":\"https:\/\/carto-si.com\/wp-content\/uploads\/2024\/09\/Carto-applicative.jpg\",\"width\":700,\"height\":700},{\"@type\":\"BreadcrumbList\",\"@id\":\"https:\/\/carto-si.com\/en\/our-mission\/application-mapping\/#breadcrumb\",\"itemListElement\":[{\"@type\":\"ListItem\",\"position\":1,\"name\":\"Home\",\"item\":\"https:\/\/carto-si.com\/en\/\"},{\"@type\":\"ListItem\",\"position\":2,\"name\":\"Our mission\",\"item\":\"https:\/\/carto-si.com\/en\/our-mission\/\"},{\"@type\":\"ListItem\",\"position\":3,\"name\":\"Application mapping\"}]},{\"@type\":\"WebSite\",\"@id\":\"https:\/\/carto-si.com\/en\/#website\",\"url\":\"https:\/\/carto-si.com\/en\/\",\"name\":\"Carto-SI, le logiciel de cartographie op\u00e9rationnelle du SI\",\"description\":\"Gr\u00e2ce \u00e0 Carto-SI, vous allez faire connaissance avec votre syst\u00e8me d&#039;information. La cartographie op\u00e9rationnelle, applicative, technique et m\u00e9tier de votre SI, simple, partag\u00e9e, toujours \u00e0 jour et agr\u00e9able + RGPD\",\"potentialAction\":[{\"@type\":\"SearchAction\",\"target\":{\"@type\":\"EntryPoint\",\"urlTemplate\":\"https:\/\/carto-si.com\/en\/?s={search_term_string}\"},\"query-input\":\"required name=search_term_string\"}],\"inLanguage\":\"en-US\"}]}<\/script>\n<!-- \/ Yoast SEO plugin. -->","yoast_head_json":{"title":"Information system (IS) application mapping | Carto-SI","description":"Application mapping is a graphical representation of the applications used within an organization and their interactions.","robots":{"index":"index","follow":"follow","max-snippet":"max-snippet:-1","max-image-preview":"max-image-preview:large","max-video-preview":"max-video-preview:-1"},"canonical":"https:\/\/carto-si.com\/en\/our-mission\/application-mapping\/","og_locale":"en_US","og_type":"article","og_title":"Information system (IS) application mapping | Carto-SI","og_description":"Application mapping is a graphical representation of the applications used within an organization and their interactions.","og_url":"https:\/\/carto-si.com\/en\/our-mission\/application-mapping\/","og_site_name":"Carto-SI, le logiciel de cartographie op\u00e9rationnelle du SI","article_modified_time":"2025-03-26T15:30:16+00:00","og_image":[{"width":700,"height":700,"url":"https:\/\/carto-si.com\/wp-content\/uploads\/2024\/09\/Carto-applicative.jpg","type":"image\/jpeg"}],"twitter_card":"summary_large_image","twitter_misc":{"Est. reading time":"4 minutes"},"schema":{"@context":"https:\/\/schema.org","@graph":[{"@type":"WebPage","@id":"https:\/\/carto-si.com\/en\/our-mission\/application-mapping\/","url":"https:\/\/carto-si.com\/en\/our-mission\/application-mapping\/","name":"Information system (IS) application mapping | Carto-SI","isPartOf":{"@id":"https:\/\/carto-si.com\/en\/#website"},"primaryImageOfPage":{"@id":"https:\/\/carto-si.com\/en\/our-mission\/application-mapping\/#primaryimage"},"image":{"@id":"https:\/\/carto-si.com\/en\/our-mission\/application-mapping\/#primaryimage"},"thumbnailUrl":"https:\/\/carto-si.com\/wp-content\/uploads\/2024\/09\/Carto-applicative.jpg","datePublished":"2025-03-26T14:12:05+00:00","dateModified":"2025-03-26T15:30:16+00:00","description":"Application mapping is a graphical representation of the applications used within an organization and their interactions.","breadcrumb":{"@id":"https:\/\/carto-si.com\/en\/our-mission\/application-mapping\/#breadcrumb"},"inLanguage":"en-US","potentialAction":[{"@type":"ReadAction","target":["https:\/\/carto-si.com\/en\/our-mission\/application-mapping\/"]}]},{"@type":"ImageObject","inLanguage":"en-US","@id":"https:\/\/carto-si.com\/en\/our-mission\/application-mapping\/#primaryimage","url":"https:\/\/carto-si.com\/wp-content\/uploads\/2024\/09\/Carto-applicative.jpg","contentUrl":"https:\/\/carto-si.com\/wp-content\/uploads\/2024\/09\/Carto-applicative.jpg","width":700,"height":700},{"@type":"BreadcrumbList","@id":"https:\/\/carto-si.com\/en\/our-mission\/application-mapping\/#breadcrumb","itemListElement":[{"@type":"ListItem","position":1,"name":"Home","item":"https:\/\/carto-si.com\/en\/"},{"@type":"ListItem","position":2,"name":"Our mission","item":"https:\/\/carto-si.com\/en\/our-mission\/"},{"@type":"ListItem","position":3,"name":"Application mapping"}]},{"@type":"WebSite","@id":"https:\/\/carto-si.com\/en\/#website","url":"https:\/\/carto-si.com\/en\/","name":"Carto-SI, le logiciel de cartographie op\u00e9rationnelle du SI","description":"Gr\u00e2ce \u00e0 Carto-SI, vous allez faire connaissance avec votre syst\u00e8me d&#039;information. La cartographie op\u00e9rationnelle, applicative, technique et m\u00e9tier de votre SI, simple, partag\u00e9e, toujours \u00e0 jour et agr\u00e9able + RGPD","potentialAction":[{"@type":"SearchAction","target":{"@type":"EntryPoint","urlTemplate":"https:\/\/carto-si.com\/en\/?s={search_term_string}"},"query-input":"required name=search_term_string"}],"inLanguage":"en-US"}]}},"_links":{"self":[{"href":"https:\/\/carto-si.com\/en\/wp-json\/wp\/v2\/pages\/2923","targetHints":{"allow":["GET"]}}],"collection":[{"href":"https:\/\/carto-si.com\/en\/wp-json\/wp\/v2\/pages"}],"about":[{"href":"https:\/\/carto-si.com\/en\/wp-json\/wp\/v2\/types\/page"}],"author":[{"embeddable":true,"href":"https:\/\/carto-si.com\/en\/wp-json\/wp\/v2\/users\/6"}],"replies":[{"embeddable":true,"href":"https:\/\/carto-si.com\/en\/wp-json\/wp\/v2\/comments?post=2923"}],"version-history":[{"count":4,"href":"https:\/\/carto-si.com\/en\/wp-json\/wp\/v2\/pages\/2923\/revisions"}],"predecessor-version":[{"id":2973,"href":"https:\/\/carto-si.com\/en\/wp-json\/wp\/v2\/pages\/2923\/revisions\/2973"}],"up":[{"embeddable":true,"href":"https:\/\/carto-si.com\/en\/wp-json\/wp\/v2\/pages\/2919"}],"wp:featuredmedia":[{"embeddable":true,"href":"https:\/\/carto-si.com\/en\/wp-json\/wp\/v2\/media\/1828"}],"wp:attachment":[{"href":"https:\/\/carto-si.com\/en\/wp-json\/wp\/v2\/media?parent=2923"}],"curies":[{"name":"wp","href":"https:\/\/api.w.org\/{rel}","templated":true}]}}