{"id":2927,"date":"2025-03-26T14:14:43","date_gmt":"2025-03-26T14:14:43","guid":{"rendered":"https:\/\/carto-si.com\/our-mission\/data-mapping\/"},"modified":"2025-03-26T15:32:15","modified_gmt":"2025-03-26T15:32:15","slug":"data-mapping","status":"publish","type":"page","link":"https:\/\/carto-si.com\/en\/our-mission\/data-mapping\/","title":{"rendered":"Data mapping"},"content":{"rendered":"\n<h2 class=\"wp-block-heading\">Why map your data?<\/h2>\n\n\n\n<p><strong>Data mapping<\/strong> has become a major challenge for companies. With the explosion in the volume of information stored and exchanged within information systems (IS), it is becoming crucial to have a clear view of the location, flows and uses of this data. This approach guarantees the <strong>governance<\/strong>, <strong>regulatory compliance<\/strong> and <strong>security<\/strong> of information, while facilitating its use for decision-making.  <\/p>\n\n\n\n<p>Today&#8217;s organizations face a number of challenges:<\/p>\n\n\n\n<ul class=\"wp-block-list\">\n<li><strong>Understand where their data is stored<\/strong>: databases, shared files, cloud applications&#8230;<\/li>\n\n\n\n<li><strong>Monitor data exchange flows<\/strong> between applications, businesses and infrastructures.<\/li>\n\n\n\n<li><strong>Manage regulatory compliance<\/strong> (RGPD, ISO 27001, HIPAA, etc.).<\/li>\n\n\n\n<li><strong>Optimize data quality<\/strong> for added value.<\/li>\n<\/ul>\n\n\n<section id=\"adapt\" style=\"background: #E8EBFF\">\n\t<div class=\"container\">\n\t\t<div class=\"row\">\n\t\t\t<div class=\"col-lg-12 col-sm-12 col-xs-12 text-center\">\n                <h3>Access Carto SI now!<\/h3>\n                <div><\/div>\n\n\t\t\t\t\t\t\t\t\t<a class=\"button-cta\" href=\"https:\/\/carto-si.com\/inscription\/en\/\"><i class=\"fas fa-sparkles\"><\/i>Create account<\/a>\n\t\t\t\t\n                <!-- <a href=\"https:\/\/carto-si.com\/inscription\/\" class=\"btn btn-default\">\n\t\t\t\t\t\t\t\t\t\t\t<i class=\"fas fa-sparkles\"><\/i>\n\t\t\t\t\t\t\t\t\t\t\n\t\t\t\t\tTest Carto-SI\t\t\t\t<\/a> -->\n\t\t\t<\/div>\n\t\t<\/div>\n\t<\/div>\n<\/section>\n\n\n<h2 class=\"wp-block-heading\">Data mapping with Carto-SI<\/h2>\n\n\n\n<p>Carto-SI offers a <a href=\"https:\/\/carto-si.com\/en\/features\/multilayer-mapping-a-clear-view-of-your-information-system\/\"> <strong>multi-layered<\/strong> approach to mapping<\/a>, integrating not only <strong>business, application and infrastructure<\/strong> aspects, but also a dedicated <strong>data mapping<\/strong> component. With our platform, you benefit from several key functionalities: <\/p>\n\n\n\n<h3 class=\"wp-block-heading\">1. Data identification and classification<\/h3>\n\n\n\n<p>Thanks to our analysis engine, we can <strong>identify, classify and structure<\/strong> your data according to business criteria (sensitivity, confidentiality, strategic value&#8230;).<\/p>\n\n\n\n<h3 class=\"wp-block-heading\">2. Visualization of flows and dependencies<\/h3>\n\n\n\n<p>Mapping enables you to<strong>visually illustrate data exchanges<\/strong> (with <a href=\"https:\/\/carto-si.com\/en\/features\/data-flow-mapping\/\">flow management<\/a> and <a href=\"https:\/\/carto-si.com\/en\/features\/project-impact-assessment\/\">impact study<\/a> functionalities) between the various components of your information system: databases, SaaS applications, ERP, CRM, and so on. This makes it possible to anticipate the impact of a modification or migration. <\/p>\n\n\n\n<h3 class=\"wp-block-heading\">3. Compliance and risk management<\/h3>\n\n\n\n<p>The tool helps ensure <strong><a href=\"https:\/\/carto-si.com\/en\/features\/advanced-rgpd-data-management-simplified-proactive-compliance\/\">compliance with RGPD<\/a> and other standards<\/strong> by identifying personal data and enabling access and exchange to be tracked.<\/p>\n\n\n<div class=\"wp-block-image\">\n<figure class=\"aligncenter size-full\"><img loading=\"lazy\" decoding=\"async\" width=\"840\" height=\"633\" src=\"https:\/\/carto-si.com\/wp-content\/uploads\/2025\/02\/cartographie-des-donnees.webp\" alt=\"Data mapping: a unified, strategic vision of your information assets\" class=\"wp-image-2660\" srcset=\"https:\/\/carto-si.com\/wp-content\/uploads\/2025\/02\/cartographie-des-donnees.webp 840w, https:\/\/carto-si.com\/wp-content\/uploads\/2025\/02\/cartographie-des-donnees-300x226.webp 300w, https:\/\/carto-si.com\/wp-content\/uploads\/2025\/02\/cartographie-des-donnees-768x579.webp 768w\" sizes=\"auto, (max-width: 840px) 100vw, 840px\" \/><\/figure>\n<\/div>\n\n\n<h2 class=\"wp-block-heading\">The concrete benefits of data mapping<\/h2>\n\n\n\n<p>Implementing <strong>data mapping<\/strong> with Carto-SI brings immediate benefits:<\/p>\n\n\n\n<p>\u2705 <strong>Risk reduction<\/strong>: better control of access and security of sensitive data.<br>\u2705 <strong>Time savings<\/strong>: fewer manual searches, faster audits and analyses.<br>\u2705 <strong>Improved governance<\/strong>: a clear view of responsibilities and uses of data.<br>\u2705 <strong>Cost optimization<\/strong>: elimination of duplication and rationalization of IT resources.<\/p>\n\n\n\n<p><strong>In conclusion<\/strong>, data mapping is much more than a simple inventory: it&#8217;s a strategic lever for managing your IS with agility and peace of mind. With Carto-SI, structure, secure and leverage your data to turn it into a business asset. <\/p>\n\n\n\n<p>\ud83d\udca1 <strong>Need a demonstration?<\/strong> Contact our experts and find out how Carto-SI can meet your data challenges.<\/p>\n\n\n<section id=\"columns-blocks\">\n\t<div class=\"container\">\n\t\t<div class=\"row\">\n\t\t\t<div class=\"col-xs-12 text-center\">\n\t\t\t\t<h2 class=\"columns-blocks__title\">The different Carto-SI maps<\/h2>\n\t\t\t<\/div>\t\n\t\t\t\t\t\t\t\t\t\t\t\t<div class=\"col-xs-12 col-md-6 col-lg-3\">\n\t\t\t\t\t\t<a class=\"columns-blocks__item\" href=\"https:\/\/carto-si.com\/en\/our-mission\/process-mapping\/\">\n\t\t\t\t\t\t\t<img decoding=\"async\" src=\"https:\/\/carto-si.com\/wp-content\/uploads\/2024\/07\/image-3.png\" alt=\"Process\" class=\"columns-blocks__item-image\" \/>\n\t\t\t\t\t\t\t<h3 class=\"columns-blocks__item-title\">Process<\/h3>\n\t\t\t\t\t\t\t<div><p>Process mapping provides a crucial visual approach to understanding, analyzing and optimizing operations within a company.<\/p>\n<\/div>\n\t\t\t\t\t\t\t<span class=\"columns-blocks__item-button\" href=\"https:\/\/carto-si.com\/en\/our-mission\/process-mapping\/\">Discover<i class=\"fal fa-long-arrow-right\"><\/i><\/span>\n\t\t\t\t\t\t<\/a>\n\t\t\t\t\t<\/div>\n\t\t\t\t\t\t\t\t\t<div class=\"col-xs-12 col-md-6 col-lg-3\">\n\t\t\t\t\t\t<a class=\"columns-blocks__item\" href=\"https:\/\/carto-si.com\/en\/our-mission\/application-mapping\/\">\n\t\t\t\t\t\t\t<img decoding=\"async\" src=\"https:\/\/carto-si.com\/wp-content\/uploads\/2024\/07\/image-3.png\" alt=\"Application\" class=\"columns-blocks__item-image\" \/>\n\t\t\t\t\t\t\t<h3 class=\"columns-blocks__item-title\">Application<\/h3>\n\t\t\t\t\t\t\t<div><p>Application mapping is a graphical representation of the applications used within an organization and their interactions.<\/p>\n<\/div>\n\t\t\t\t\t\t\t<span class=\"columns-blocks__item-button\" href=\"https:\/\/carto-si.com\/en\/our-mission\/application-mapping\/\">Discover<i class=\"fal fa-long-arrow-right\"><\/i><\/span>\n\t\t\t\t\t\t<\/a>\n\t\t\t\t\t<\/div>\n\t\t\t\t\t\t\t\t\t<div class=\"col-xs-12 col-md-6 col-lg-3\">\n\t\t\t\t\t\t<a class=\"columns-blocks__item\" href=\"https:\/\/carto-si.com\/en\/our-mission\/infrastructure-mapping\/\">\n\t\t\t\t\t\t\t<img decoding=\"async\" src=\"https:\/\/carto-si.com\/wp-content\/uploads\/2024\/07\/image-3.png\" alt=\"Infrastructure\" class=\"columns-blocks__item-image\" \/>\n\t\t\t\t\t\t\t<h3 class=\"columns-blocks__item-title\">Infrastructure<\/h3>\n\t\t\t\t\t\t\t<div><p>Infrastructure mapping is an essential activity for companies wishing to have complete control over their information systems.<\/p>\n<\/div>\n\t\t\t\t\t\t\t<span class=\"columns-blocks__item-button\" href=\"https:\/\/carto-si.com\/en\/our-mission\/infrastructure-mapping\/\">Discover<i class=\"fal fa-long-arrow-right\"><\/i><\/span>\n\t\t\t\t\t\t<\/a>\n\t\t\t\t\t<\/div>\n\t\t\t\t\t\t\t\t\t<div class=\"col-xs-12 col-md-6 col-lg-3\">\n\t\t\t\t\t\t<a class=\"columns-blocks__item\" href=\"https:\/\/carto-si.com\/en\/our-mission\/data-mapping\/\">\n\t\t\t\t\t\t\t<img decoding=\"async\" src=\"https:\/\/carto-si.com\/wp-content\/uploads\/2024\/07\/image-3.png\" alt=\"Data\" class=\"columns-blocks__item-image\" \/>\n\t\t\t\t\t\t\t<h3 class=\"columns-blocks__item-title\">Data<\/h3>\n\t\t\t\t\t\t\t<div><p>With the explosion in the volume of information stored and exchanged, data mapping has become a major challenge for businesses.<\/p>\n<\/div>\n\t\t\t\t\t\t\t<span class=\"columns-blocks__item-button\" href=\"https:\/\/carto-si.com\/en\/our-mission\/data-mapping\/\">Discover<i class=\"fal fa-long-arrow-right\"><\/i><\/span>\n\t\t\t\t\t\t<\/a>\n\t\t\t\t\t<\/div>\n\t\t\t\t\t\t\t\t\t<\/div>       \n\t<\/div>       \n<\/section>\n\n\n<div style=\"height:50px\" aria-hidden=\"true\" class=\"wp-block-spacer\"><\/div>\n","protected":false},"excerpt":{"rendered":"<p>Why map your data? Data mapping has become a major challenge for companies. With the explosion in the volume of information stored and exchanged within information systems (IS), it is becoming crucial to have a clear view of the location, flows and uses of this data. This approach guarantees the governance, regulatory compliance and security [&hellip;]<\/p>\n","protected":false},"author":6,"featured_media":0,"parent":2919,"menu_order":0,"comment_status":"closed","ping_status":"closed","template":"template-landing-2025.php","meta":{"_acf_changed":false,"footnotes":""},"class_list":["post-2927","page","type-page","status-publish","hentry"],"acf":[],"yoast_head":"<!-- This site is optimized with the Yoast SEO plugin v23.3 - https:\/\/yoast.com\/wordpress\/plugins\/seo\/ -->\n<title>Data mapping: Carto-SI&#039;s DATA approach<\/title>\n<meta name=\"description\" content=\"Data mapping has become a major challenge for companies with the explosion of DATA and the volume of information stored and exchanged within information systems (IS).\" \/>\n<meta name=\"robots\" content=\"index, follow, max-snippet:-1, max-image-preview:large, max-video-preview:-1\" \/>\n<link rel=\"canonical\" href=\"https:\/\/carto-si.com\/en\/our-mission\/data-mapping\/\" \/>\n<meta property=\"og:locale\" content=\"en_US\" \/>\n<meta property=\"og:type\" content=\"article\" \/>\n<meta property=\"og:title\" content=\"Data mapping: Carto-SI&#039;s DATA approach\" \/>\n<meta property=\"og:description\" content=\"Data mapping has become a major challenge for companies with the explosion of DATA and the volume of information stored and exchanged within information systems (IS).\" \/>\n<meta property=\"og:url\" content=\"https:\/\/carto-si.com\/en\/our-mission\/data-mapping\/\" \/>\n<meta property=\"og:site_name\" content=\"Carto-SI, le logiciel de cartographie op\u00e9rationnelle du SI\" \/>\n<meta property=\"article:modified_time\" content=\"2025-03-26T15:32:15+00:00\" \/>\n<meta property=\"og:image\" content=\"https:\/\/carto-si.com\/wp-content\/uploads\/2025\/02\/cartographie-des-donnees.webp\" \/>\n<meta name=\"twitter:card\" content=\"summary_large_image\" \/>\n<meta name=\"twitter:label1\" content=\"Est. reading time\" \/>\n\t<meta name=\"twitter:data1\" content=\"3 minutes\" \/>\n<script type=\"application\/ld+json\" class=\"yoast-schema-graph\">{\"@context\":\"https:\/\/schema.org\",\"@graph\":[{\"@type\":\"WebPage\",\"@id\":\"https:\/\/carto-si.com\/en\/our-mission\/data-mapping\/\",\"url\":\"https:\/\/carto-si.com\/en\/our-mission\/data-mapping\/\",\"name\":\"Data mapping: Carto-SI's DATA approach\",\"isPartOf\":{\"@id\":\"https:\/\/carto-si.com\/en\/#website\"},\"primaryImageOfPage\":{\"@id\":\"https:\/\/carto-si.com\/en\/our-mission\/data-mapping\/#primaryimage\"},\"image\":{\"@id\":\"https:\/\/carto-si.com\/en\/our-mission\/data-mapping\/#primaryimage\"},\"thumbnailUrl\":\"https:\/\/carto-si.com\/wp-content\/uploads\/2025\/02\/cartographie-des-donnees.webp\",\"datePublished\":\"2025-03-26T14:14:43+00:00\",\"dateModified\":\"2025-03-26T15:32:15+00:00\",\"description\":\"Data mapping has become a major challenge for companies with the explosion of DATA and the volume of information stored and exchanged within information systems (IS).\",\"breadcrumb\":{\"@id\":\"https:\/\/carto-si.com\/en\/our-mission\/data-mapping\/#breadcrumb\"},\"inLanguage\":\"en-US\",\"potentialAction\":[{\"@type\":\"ReadAction\",\"target\":[\"https:\/\/carto-si.com\/en\/our-mission\/data-mapping\/\"]}]},{\"@type\":\"ImageObject\",\"inLanguage\":\"en-US\",\"@id\":\"https:\/\/carto-si.com\/en\/our-mission\/data-mapping\/#primaryimage\",\"url\":\"https:\/\/carto-si.com\/wp-content\/uploads\/2025\/02\/cartographie-des-donnees.webp\",\"contentUrl\":\"https:\/\/carto-si.com\/wp-content\/uploads\/2025\/02\/cartographie-des-donnees.webp\"},{\"@type\":\"BreadcrumbList\",\"@id\":\"https:\/\/carto-si.com\/en\/our-mission\/data-mapping\/#breadcrumb\",\"itemListElement\":[{\"@type\":\"ListItem\",\"position\":1,\"name\":\"Home\",\"item\":\"https:\/\/carto-si.com\/en\/\"},{\"@type\":\"ListItem\",\"position\":2,\"name\":\"Our mission\",\"item\":\"https:\/\/carto-si.com\/en\/our-mission\/\"},{\"@type\":\"ListItem\",\"position\":3,\"name\":\"Data mapping\"}]},{\"@type\":\"WebSite\",\"@id\":\"https:\/\/carto-si.com\/en\/#website\",\"url\":\"https:\/\/carto-si.com\/en\/\",\"name\":\"Carto-SI, le logiciel de cartographie op\u00e9rationnelle du SI\",\"description\":\"Gr\u00e2ce \u00e0 Carto-SI, vous allez faire connaissance avec votre syst\u00e8me d&#039;information. La cartographie op\u00e9rationnelle, applicative, technique et m\u00e9tier de votre SI, simple, partag\u00e9e, toujours \u00e0 jour et agr\u00e9able + RGPD\",\"potentialAction\":[{\"@type\":\"SearchAction\",\"target\":{\"@type\":\"EntryPoint\",\"urlTemplate\":\"https:\/\/carto-si.com\/en\/?s={search_term_string}\"},\"query-input\":\"required name=search_term_string\"}],\"inLanguage\":\"en-US\"}]}<\/script>\n<!-- \/ Yoast SEO plugin. -->","yoast_head_json":{"title":"Data mapping: Carto-SI's DATA approach","description":"Data mapping has become a major challenge for companies with the explosion of DATA and the volume of information stored and exchanged within information systems (IS).","robots":{"index":"index","follow":"follow","max-snippet":"max-snippet:-1","max-image-preview":"max-image-preview:large","max-video-preview":"max-video-preview:-1"},"canonical":"https:\/\/carto-si.com\/en\/our-mission\/data-mapping\/","og_locale":"en_US","og_type":"article","og_title":"Data mapping: Carto-SI's DATA approach","og_description":"Data mapping has become a major challenge for companies with the explosion of DATA and the volume of information stored and exchanged within information systems (IS).","og_url":"https:\/\/carto-si.com\/en\/our-mission\/data-mapping\/","og_site_name":"Carto-SI, le logiciel de cartographie op\u00e9rationnelle du SI","article_modified_time":"2025-03-26T15:32:15+00:00","og_image":[{"url":"https:\/\/carto-si.com\/wp-content\/uploads\/2025\/02\/cartographie-des-donnees.webp"}],"twitter_card":"summary_large_image","twitter_misc":{"Est. reading time":"3 minutes"},"schema":{"@context":"https:\/\/schema.org","@graph":[{"@type":"WebPage","@id":"https:\/\/carto-si.com\/en\/our-mission\/data-mapping\/","url":"https:\/\/carto-si.com\/en\/our-mission\/data-mapping\/","name":"Data mapping: Carto-SI's DATA approach","isPartOf":{"@id":"https:\/\/carto-si.com\/en\/#website"},"primaryImageOfPage":{"@id":"https:\/\/carto-si.com\/en\/our-mission\/data-mapping\/#primaryimage"},"image":{"@id":"https:\/\/carto-si.com\/en\/our-mission\/data-mapping\/#primaryimage"},"thumbnailUrl":"https:\/\/carto-si.com\/wp-content\/uploads\/2025\/02\/cartographie-des-donnees.webp","datePublished":"2025-03-26T14:14:43+00:00","dateModified":"2025-03-26T15:32:15+00:00","description":"Data mapping has become a major challenge for companies with the explosion of DATA and the volume of information stored and exchanged within information systems (IS).","breadcrumb":{"@id":"https:\/\/carto-si.com\/en\/our-mission\/data-mapping\/#breadcrumb"},"inLanguage":"en-US","potentialAction":[{"@type":"ReadAction","target":["https:\/\/carto-si.com\/en\/our-mission\/data-mapping\/"]}]},{"@type":"ImageObject","inLanguage":"en-US","@id":"https:\/\/carto-si.com\/en\/our-mission\/data-mapping\/#primaryimage","url":"https:\/\/carto-si.com\/wp-content\/uploads\/2025\/02\/cartographie-des-donnees.webp","contentUrl":"https:\/\/carto-si.com\/wp-content\/uploads\/2025\/02\/cartographie-des-donnees.webp"},{"@type":"BreadcrumbList","@id":"https:\/\/carto-si.com\/en\/our-mission\/data-mapping\/#breadcrumb","itemListElement":[{"@type":"ListItem","position":1,"name":"Home","item":"https:\/\/carto-si.com\/en\/"},{"@type":"ListItem","position":2,"name":"Our mission","item":"https:\/\/carto-si.com\/en\/our-mission\/"},{"@type":"ListItem","position":3,"name":"Data mapping"}]},{"@type":"WebSite","@id":"https:\/\/carto-si.com\/en\/#website","url":"https:\/\/carto-si.com\/en\/","name":"Carto-SI, le logiciel de cartographie op\u00e9rationnelle du SI","description":"Gr\u00e2ce \u00e0 Carto-SI, vous allez faire connaissance avec votre syst\u00e8me d&#039;information. La cartographie op\u00e9rationnelle, applicative, technique et m\u00e9tier de votre SI, simple, partag\u00e9e, toujours \u00e0 jour et agr\u00e9able + RGPD","potentialAction":[{"@type":"SearchAction","target":{"@type":"EntryPoint","urlTemplate":"https:\/\/carto-si.com\/en\/?s={search_term_string}"},"query-input":"required name=search_term_string"}],"inLanguage":"en-US"}]}},"_links":{"self":[{"href":"https:\/\/carto-si.com\/en\/wp-json\/wp\/v2\/pages\/2927","targetHints":{"allow":["GET"]}}],"collection":[{"href":"https:\/\/carto-si.com\/en\/wp-json\/wp\/v2\/pages"}],"about":[{"href":"https:\/\/carto-si.com\/en\/wp-json\/wp\/v2\/types\/page"}],"author":[{"embeddable":true,"href":"https:\/\/carto-si.com\/en\/wp-json\/wp\/v2\/users\/6"}],"replies":[{"embeddable":true,"href":"https:\/\/carto-si.com\/en\/wp-json\/wp\/v2\/comments?post=2927"}],"version-history":[{"count":2,"href":"https:\/\/carto-si.com\/en\/wp-json\/wp\/v2\/pages\/2927\/revisions"}],"predecessor-version":[{"id":2975,"href":"https:\/\/carto-si.com\/en\/wp-json\/wp\/v2\/pages\/2927\/revisions\/2975"}],"up":[{"embeddable":true,"href":"https:\/\/carto-si.com\/en\/wp-json\/wp\/v2\/pages\/2919"}],"wp:attachment":[{"href":"https:\/\/carto-si.com\/en\/wp-json\/wp\/v2\/media?parent=2927"}],"curies":[{"name":"wp","href":"https:\/\/api.w.org\/{rel}","templated":true}]}}